{"id":78544,"date":"2024-05-09T15:20:57","date_gmt":"2024-05-09T13:20:57","guid":{"rendered":"https:\/\/weldingartpro.eu\/projektowanie\/"},"modified":"2024-07-12T13:26:05","modified_gmt":"2024-07-12T11:26:05","slug":"projektowanie","status":"publish","type":"page","link":"https:\/\/weldingartpro.eu\/pl\/projektowanie\/","title":{"rendered":"Projektowanie"},"content":{"rendered":"<div class=\"wpb-content-wrapper\"><p>[vc_row background_color=&#8221;rgba(255,255,255,0.01)&#8221; css=&#8221;.vc_custom_1716276181631{padding-top: 70px !important;padding-bottom: 40px !important;}&#8221;][vc_column][vc_custom_heading text=&#8221;PROJEKTOWANIE&#8221; font_container=&#8221;tag:h1|text_align:left|color:%23111111&#8243; css=&#8221;&#8221; el_class=&#8221;heading-title-3&#8243;][vc_column_text css=&#8221;&#8221;]<\/p>\n<p style=\"text-align: justify;\">Nasza firma specjalizuje si\u0119 w projektowaniu basen\u00f3w ze stali nierdzewnej, w tym w projektowaniu technologii uzdatniania wody. Dzi\u0119ki naszemu do\u015bwiadczonemu i profesjonalnemu zespo\u0142owi mo\u017cemy spe\u0142ni\u0107 wszystkie Pa\u0144stwa wymagania i \u017cyczenia dotycz\u0105ce basenu. Projektujemy zar\u00f3wno w oprogramowaniu 2D, jak i 3D, aby dostarczy\u0107 najbardziej szczeg\u00f3\u0142owy obraz ko\u0144cowego wygl\u0105du basenu. Nasze us\u0142ugi obejmuj\u0105 zar\u00f3wno niezale\u017cne prace projektowe, jak i kompletny pakiet, kt\u00f3ry obejmuje projektowanie, produkcj\u0119 oraz instalacj\u0119 basenu.<\/p>\n<p style=\"text-align: justify;\">Dzi\u0119ki naszemu wieloletniemu do\u015bwiadczeniu jeste\u015bmy w stanie sprosta\u0107 nawet najbardziej skomplikowanym wymaganiom, zapewniaj\u0105c, \u017ce basen b\u0119dzie idealny i w pe\u0142ni spe\u0142ni Pa\u0144stwa oczekiwania. Naszym celem jest nie tylko stworzenie pi\u0119knego i funkcjonalnego basenu, ale r\u00f3wnie\u017c zapewnienie, \u017ce ca\u0142a technologia wodna b\u0119dzie dzia\u0142a\u0107 prawid\u0142owo i bez problem\u00f3w.<\/p>\n<p style=\"text-align: justify;\">Podczas projektowania basen\u00f3w ze stali nierdzewnej skupiamy si\u0119 na ka\u017cdym szczeg\u00f3le. W pierwszej fazie naszej wsp\u00f3\u0142pracy om\u00f3wimy z Pa\u0144stwem wszystkie pomys\u0142y i wymagania, aby stworzy\u0107 projekt, kt\u00f3ry w pe\u0142ni spe\u0142ni Pa\u0144stwa oczekiwania. Nasze wizualizacje 2D i 3D pozwol\u0105 dok\u0142adnie zobaczy\u0107, jak basen b\u0119dzie wygl\u0105da\u0142 i jak wpasuje si\u0119 w Pa\u0144stwa przestrze\u0144.<\/p>\n<p style=\"text-align: justify;\">Opr\u00f3cz estetycznych i funkcjonalnych aspekt\u00f3w basenu, k\u0142adziemy du\u017cy nacisk na technologi\u0119 uzdatniania wody. Projektowane przez nas baseny ze stali nierdzewnej s\u0105 wyposa\u017cone w zaawansowane systemy filtracji i uzdatniania wody, aby zapewni\u0107 czyst\u0105 i bezpieczn\u0105 wod\u0119 przez ca\u0142y rok. Nasi eksperci doradz\u0105 w zakresie najbardziej odpowiednich technologii i sprz\u0119tu, aby zapewni\u0107, \u017ce basen b\u0119dzie nie tylko pi\u0119kny, ale tak\u017ce \u0142atwy w utrzymaniu.<\/p>\n<p style=\"text-align: justify;\">Je\u015bli szukaj\u0105 Pa\u0144stwo niezawodnego partnera do projektowania basen\u00f3w ze stali nierdzewnej, prosimy o kontakt. Jeste\u015bmy tutaj, aby pom\u00f3c zaplanowa\u0107 i wdro\u017cy\u0107 wymarzony basen. Nasze kompleksowe us\u0142ugi i indywidualne podej\u015bcie do ka\u017cdego projektu gwarantuj\u0105 zadowolenie i doskona\u0142y rezultat. Z nami mog\u0105 by\u0107 Pa\u0144stwo pewni, \u017ce projekt b\u0119dzie w bezpiecznych i profesjonalnych r\u0119kach. <strong><a href=\"https:\/\/weldingartpro.eu\/pl\/zapytanie\/\">Prosz\u0119 si\u0119 z nami skontaktowa\u0107!<\/a><\/strong><\/p>\n<p>[\/vc_column_text][vc_empty_space height=&#8221;20px&#8221;][vc_single_image image=&#8221;75988&#8243; img_size=&#8221;full&#8221; css=&#8221;&#8221;][vc_empty_space height=&#8221;20px&#8221;][\/vc_column][\/vc_row]<\/p>\n<\/div>","protected":false},"excerpt":{"rendered":"<p>[vc_row background_color=&#8221;rgba(255,255,255,0.01)&#8221; css=&#8221;.vc_custom_1716276181631{padding-top: 70px !important;padding-bottom: 40px !important;}&#8221;][vc_column][vc_custom_heading text=&#8221;PROJEKTOWANIE&#8221; font_container=&#8221;tag:h1|text_align:left|color:%23111111&#8243; css=&#8221;&#8221; el_class=&#8221;heading-title-3&#8243;][vc_column_text css=&#8221;&#8221;] Nasza firma specjalizuje si\u0119 w projektowaniu basen\u00f3w ze stali nierdzewnej, w tym w projektowaniu technologii uzdatniania wody. Dzi\u0119ki naszemu do\u015bwiadczonemu i profesjonalnemu zespo\u0142owi mo\u017cemy spe\u0142ni\u0107 wszystkie Pa\u0144stwa wymagania i \u017cyczenia dotycz\u0105ce basenu. Projektujemy zar\u00f3wno w oprogramowaniu 2D, jak i 3D, aby dostarczy\u0107 najbardziej [&hellip;]<\/p>\n","protected":false},"author":5,"featured_media":0,"parent":0,"menu_order":0,"comment_status":"closed","ping_status":"closed","template":"","meta":{"footnotes":""},"class_list":["post-78544","page","type-page","status-publish","hentry"],"aioseo_notices":[],"_links":{"self":[{"href":"https:\/\/weldingartpro.eu\/pl\/wp-json\/wp\/v2\/pages\/78544","targetHints":{"allow":["GET"]}}],"collection":[{"href":"https:\/\/weldingartpro.eu\/pl\/wp-json\/wp\/v2\/pages"}],"about":[{"href":"https:\/\/weldingartpro.eu\/pl\/wp-json\/wp\/v2\/types\/page"}],"author":[{"embeddable":true,"href":"https:\/\/weldingartpro.eu\/pl\/wp-json\/wp\/v2\/users\/5"}],"replies":[{"embeddable":true,"href":"https:\/\/weldingartpro.eu\/pl\/wp-json\/wp\/v2\/comments?post=78544"}],"version-history":[{"count":0,"href":"https:\/\/weldingartpro.eu\/pl\/wp-json\/wp\/v2\/pages\/78544\/revisions"}],"wp:attachment":[{"href":"https:\/\/weldingartpro.eu\/pl\/wp-json\/wp\/v2\/media?parent=78544"}],"curies":[{"name":"wp","href":"https:\/\/api.w.org\/{rel}","templated":true}]}}