{"id":78264,"date":"2024-05-09T15:02:32","date_gmt":"2024-05-09T13:02:32","guid":{"rendered":"https:\/\/weldingartpro.eu\/obrobka-krawedzi-materialu\/"},"modified":"2024-07-12T12:27:20","modified_gmt":"2024-07-12T10:27:20","slug":"giecie-materialu","status":"publish","type":"page","link":"https:\/\/weldingartpro.eu\/pl\/giecie-materialu\/","title":{"rendered":"Gi\u0119cie materia\u0142u"},"content":{"rendered":"<div class=\"wpb-content-wrapper\"><p>[vc_row background_color=&#8221;rgba(255,255,255,0.01)&#8221; css=&#8221;.vc_custom_1716275839804{padding-top: 70px !important;padding-bottom: 40px !important;}&#8221;][vc_column][vc_custom_heading text=&#8221;GI\u0118CIE MATERIA\u0141U&#8221; font_container=&#8221;tag:h1|text_align:left|color:%23111111&#8243; css=&#8221;&#8221; el_class=&#8221;heading-title-3&#8243;][vc_column_text css=&#8221;&#8221;]<\/p>\n<p style=\"text-align: justify; line-height: 16.8pt; margin: 0cm 0cm 15.0pt 0cm;\"><span lang=\"CS\" style=\"font-size: 11.0pt;\">Materia\u0142 ze stali nierdzewnej jest obecnie bardzo popularny ze wzgl\u0119du na swoj\u0105 odporno\u015b\u0107 na korozj\u0119 i wysok\u0105 temperatur\u0119. Nic wi\u0119c dziwnego, \u017ce staje si\u0119 coraz cz\u0119\u015bciej wykorzystywanym materia\u0142em w przemy\u015ble in\u017cynieryjnym, budowlanym i spo\u017cywczym. Jedn\u0105 z podstawowych technik obr\u00f3bki stali nierdzewnej jest gi\u0119cie na prasie kraw\u0119dziowej. Technologia ta pozwala na formowanie materia\u0142u w r\u00f3\u017cne kszta\u0142ty, co czyni go idealnym do produkcji r\u00f3\u017cnych element\u00f3w konstrukcyjnych lub dekoracyjnych. Zalety gi\u0119cia materia\u0142\u00f3w ze stali nierdzewnej na prasie kraw\u0119dziowej s\u0105 liczne. Nale\u017c\u0105 do nich na przyk\u0142ad wysoka dok\u0142adno\u015b\u0107 produkcji, szybko\u015b\u0107 i wydajno\u015b\u0107, mo\u017cliwo\u015b\u0107 gi\u0119cia nawet skomplikowanych kszta\u0142t\u00f3w czy niskie koszty konserwacji. Ponadto materia\u0142 ze stali nierdzewnej jest nadal odporny na korozj\u0119 i \u015brodowisko zewn\u0119trzne po zginaniu.<\/span><\/p>\n<p style=\"text-align: justify; line-height: 16.8pt; margin: 0cm 0cm 15.0pt 0cm;\"><span lang=\"CS\" style=\"font-size: 11.0pt;\">Jeste\u015bmy profesjonaln\u0105 firm\u0105 z wieloletnim do\u015bwiadczeniem w gi\u0119ciu stali nierdzewnej i jeste\u015bmy gotowi spe\u0142ni\u0107 Pa\u0144stwa wymagania. Z nami otrzymaj\u0105 Pa\u0144stwo wysokiej jako\u015bci i precyzyjnie wygi\u0119te cz\u0119\u015bci ze stali nierdzewnej do swoich projekt\u00f3w i konstrukcji. Prosz\u0119 zaufa\u0107 naszemu do\u015bwiadczeniu i technologii, daj\u0105c nam mo\u017cliwo\u015b\u0107 zaprezentowania naszych mo\u017cliwo\u015bci w zakresie gi\u0119cia stali nierdzewnej. Jeste\u015bmy tutaj, aby pom\u00f3c Pa\u0144stwu w zaspokojeniu potrzeb zwi\u0105zanych z pras\u0105 kraw\u0119dziow\u0105 do gi\u0119cia stali nierdzewnej.<span lang=\"CS\">Prosimy <a href=\"https:\/\/weldingartpro.eu\/pl\/zapytanie\/\"><strong>skontaktowa\u0107 si\u0119<\/strong><\/a> z nami ju\u017c dzi\u015b.<\/span><br \/>\n<\/span><\/p>\n<p>[\/vc_column_text][vc_empty_space height=&#8221;20px&#8221;][vc_single_image image=&#8221;75925&#8243; img_size=&#8221;full&#8221; css=&#8221;&#8221;][\/vc_column][\/vc_row]<\/p>\n<\/div>","protected":false},"excerpt":{"rendered":"<p>[vc_row background_color=&#8221;rgba(255,255,255,0.01)&#8221; css=&#8221;.vc_custom_1716275839804{padding-top: 70px !important;padding-bottom: 40px !important;}&#8221;][vc_column][vc_custom_heading text=&#8221;GI\u0118CIE MATERIA\u0141U&#8221; font_container=&#8221;tag:h1|text_align:left|color:%23111111&#8243; css=&#8221;&#8221; el_class=&#8221;heading-title-3&#8243;][vc_column_text css=&#8221;&#8221;] Materia\u0142 ze stali nierdzewnej jest obecnie bardzo popularny ze wzgl\u0119du na swoj\u0105 odporno\u015b\u0107 na korozj\u0119 i wysok\u0105 temperatur\u0119. Nic wi\u0119c dziwnego, \u017ce staje si\u0119 coraz cz\u0119\u015bciej wykorzystywanym materia\u0142em w przemy\u015ble in\u017cynieryjnym, budowlanym i spo\u017cywczym. Jedn\u0105 z podstawowych technik obr\u00f3bki stali nierdzewnej jest [&hellip;]<\/p>\n","protected":false},"author":5,"featured_media":0,"parent":0,"menu_order":0,"comment_status":"closed","ping_status":"closed","template":"","meta":{"footnotes":""},"class_list":["post-78264","page","type-page","status-publish","hentry"],"aioseo_notices":[],"_links":{"self":[{"href":"https:\/\/weldingartpro.eu\/pl\/wp-json\/wp\/v2\/pages\/78264","targetHints":{"allow":["GET"]}}],"collection":[{"href":"https:\/\/weldingartpro.eu\/pl\/wp-json\/wp\/v2\/pages"}],"about":[{"href":"https:\/\/weldingartpro.eu\/pl\/wp-json\/wp\/v2\/types\/page"}],"author":[{"embeddable":true,"href":"https:\/\/weldingartpro.eu\/pl\/wp-json\/wp\/v2\/users\/5"}],"replies":[{"embeddable":true,"href":"https:\/\/weldingartpro.eu\/pl\/wp-json\/wp\/v2\/comments?post=78264"}],"version-history":[{"count":0,"href":"https:\/\/weldingartpro.eu\/pl\/wp-json\/wp\/v2\/pages\/78264\/revisions"}],"wp:attachment":[{"href":"https:\/\/weldingartpro.eu\/pl\/wp-json\/wp\/v2\/media?parent=78264"}],"curies":[{"name":"wp","href":"https:\/\/api.w.org\/{rel}","templated":true}]}}