{"id":78259,"date":"2024-05-09T15:02:45","date_gmt":"2024-05-09T13:02:45","guid":{"rendered":"https:\/\/weldingartpro.eu\/laserowe-ciecie-materialow\/"},"modified":"2024-07-12T12:34:03","modified_gmt":"2024-07-12T10:34:03","slug":"laserowe-ciecie-materialow","status":"publish","type":"page","link":"https:\/\/weldingartpro.eu\/pl\/laserowe-ciecie-materialow\/","title":{"rendered":"Laserowe ci\u0119cie materia\u0142\u00f3w"},"content":{"rendered":"<div class=\"wpb-content-wrapper\"><p>[vc_row background_color=&#8221;rgba(255,255,255,0.01)&#8221; css=&#8221;.vc_custom_1716277691074{padding-top: 70px !important;padding-bottom: 40px !important;}&#8221;][vc_column][vc_custom_heading text=&#8221;LASEROWE CI\u0118CIE MATERIA\u0141\u00d3W&#8221; font_container=&#8221;tag:h1|text_align:left|color:%23111111&#8243; css=&#8221;&#8221; el_class=&#8221;heading-title-3&#8243;][vc_column_text css=&#8221;&#8221;]<\/p>\n<h4 style=\"text-align: justify; line-height: 16.8pt; margin: 0cm 0cm 15.0pt 0cm;\"><span lang=\"CS\" style=\"font-size: 11.0pt;\">Laserowe ci\u0119cie materia\u0142\u00f3w<\/span><\/h4>\n<p style=\"text-align: justify; line-height: 16.8pt; margin: 0cm 0cm 15.0pt 0cm;\"><span lang=\"CS\" style=\"font-size: 11.0pt;\">W naszej firmie postanowili\u015bmy w tym roku zainwestowa\u0107 w sprz\u0119t laserowy. Maszyna ta zosta\u0142a opracowana przez firm\u0119 Trumpf, jednego z wiod\u0105cych producent\u00f3w przemys\u0142owych maszyn laserowych i innych narz\u0119dzi do precyzyjnego ci\u0119cia materia\u0142\u00f3w. Trumpf Trulaser to szybka maszyna do ci\u0119cia laserowego, kt\u00f3ra jest jedn\u0105 z najlepszych maszyn CNC na \u015bwiecie. <\/span><\/p>\n<p style=\"text-align: justify; line-height: 16.8pt; margin: 0cm 0cm 15.0pt 0cm;\"><span lang=\"CS\" style=\"font-size: 11.0pt;\">Dzi\u0119ki nowemu laserowi jeste\u015bmy w stanie zapewni\u0107 naszym klientom jeszcze lepsz\u0105 i bardziej wydajn\u0105 obs\u0142ug\u0119. Nasz zesp\u00f3\u0142 technik\u00f3w i operator\u00f3w jest przeszkolony do pracy z t\u0105 maszyn\u0105, co gwarantuje wysokiej jako\u015bci wyniki w ka\u017cdym zadaniu. Mo\u017cemy przetwarza\u0107 r\u00f3\u017cne materia\u0142y, w tym stal, stal nierdzewn\u0105 i inne. Je\u015bli szukaj\u0105 Pa\u0144stwo niezawodnego partnera w zakresie ci\u0119cia laserowego, prosimy o kontakt. Jeste\u015bmy tu dla Pa\u0144stwa i jeste\u015bmy gotowi spe\u0142ni\u0107 wszelkie wymagania. Z nami b\u0119d\u0105 Pa\u0144stwo pewni wysokiej jako\u015bci wynik\u00f3w i zadowolenia z naszej pracy.<\/span><\/p>\n<p style=\"text-align: justify; line-height: 16.8pt; margin: 0cm 0cm 15.0pt 0cm;\"><span lang=\"CS\" style=\"font-size: 11.0pt;\">Ponadto wprowadzili\u015bmy specjalne ceny wst\u0119pne, aby umo\u017cliwi\u0107 naszym klientom skorzystanie z tej nowej technologii. <strong><a href=\"https:\/\/weldingartpro.eu\/pl\/zapytanie\/\">Prosz\u0119 si\u0119 z nami skontaktowa\u0107 <\/a><\/strong> i skorzysta\u0107 z naszych korzystnych warunk\u00f3w cenowych!<\/span><\/p>\n<p>[\/vc_column_text][vc_empty_space height=&#8221;20px&#8221;][vc_single_image image=&#8221;75926&#8243; img_size=&#8221;full&#8221; css=&#8221;&#8221;][\/vc_column][\/vc_row]<\/p>\n<\/div>","protected":false},"excerpt":{"rendered":"<p>[vc_row background_color=&#8221;rgba(255,255,255,0.01)&#8221; css=&#8221;.vc_custom_1716277691074{padding-top: 70px !important;padding-bottom: 40px !important;}&#8221;][vc_column][vc_custom_heading text=&#8221;LASEROWE CI\u0118CIE MATERIA\u0141\u00d3W&#8221; font_container=&#8221;tag:h1|text_align:left|color:%23111111&#8243; css=&#8221;&#8221; el_class=&#8221;heading-title-3&#8243;][vc_column_text css=&#8221;&#8221;] Laserowe ci\u0119cie materia\u0142\u00f3w W naszej firmie postanowili\u015bmy w tym roku zainwestowa\u0107 w sprz\u0119t laserowy. Maszyna ta zosta\u0142a opracowana przez firm\u0119 Trumpf, jednego z wiod\u0105cych producent\u00f3w przemys\u0142owych maszyn laserowych i innych narz\u0119dzi do precyzyjnego ci\u0119cia materia\u0142\u00f3w. Trumpf Trulaser to szybka maszyna do [&hellip;]<\/p>\n","protected":false},"author":5,"featured_media":0,"parent":0,"menu_order":0,"comment_status":"closed","ping_status":"closed","template":"","meta":{"footnotes":""},"class_list":["post-78259","page","type-page","status-publish","hentry"],"aioseo_notices":[],"_links":{"self":[{"href":"https:\/\/weldingartpro.eu\/pl\/wp-json\/wp\/v2\/pages\/78259","targetHints":{"allow":["GET"]}}],"collection":[{"href":"https:\/\/weldingartpro.eu\/pl\/wp-json\/wp\/v2\/pages"}],"about":[{"href":"https:\/\/weldingartpro.eu\/pl\/wp-json\/wp\/v2\/types\/page"}],"author":[{"embeddable":true,"href":"https:\/\/weldingartpro.eu\/pl\/wp-json\/wp\/v2\/users\/5"}],"replies":[{"embeddable":true,"href":"https:\/\/weldingartpro.eu\/pl\/wp-json\/wp\/v2\/comments?post=78259"}],"version-history":[{"count":0,"href":"https:\/\/weldingartpro.eu\/pl\/wp-json\/wp\/v2\/pages\/78259\/revisions"}],"wp:attachment":[{"href":"https:\/\/weldingartpro.eu\/pl\/wp-json\/wp\/v2\/media?parent=78259"}],"curies":[{"name":"wp","href":"https:\/\/api.w.org\/{rel}","templated":true}]}}