{"id":78194,"date":"2015-03-02T04:38:49","date_gmt":"2015-03-02T03:38:49","guid":{"rendered":"https:\/\/weldingartpro.eu\/firma\/"},"modified":"2024-06-26T17:49:10","modified_gmt":"2024-06-26T15:49:10","slug":"firma","status":"publish","type":"page","link":"https:\/\/weldingartpro.eu\/pl\/firma\/","title":{"rendered":"Firma"},"content":{"rendered":"<div class=\"wpb-content-wrapper\"><p>[vc_row background_color=&#8221;rgba(255,255,255,0.01)&#8221; css=&#8221;.vc_custom_1716276650243{padding-top: 70px !important;padding-bottom: 40px !important;}&#8221;][vc_column][vc_custom_heading text=&#8221;O NAS&#8221; font_container=&#8221;tag:h1|text_align:left|color:%23111111&#8243; css=&#8221;&#8221; el_class=&#8221;heading-title-3&#8243;][vc_column_text css=&#8221;&#8221;]<\/p>\n<p style=\"text-align: justify;\">Welding Art Pro s.r.o. to wyspecjalizowana firma zajmuj\u0105ca si\u0119 produkcj\u0105 basen\u00f3w ze stali nierdzewnej i pracami spawalniczymi. Dzi\u0119ki ponad dziesi\u0119cioletniemu do\u015bwiadczeniu w bran\u017cy jeste\u015bmy dumni z szerokiego zakresu us\u0142ug i wysokiej jako\u015bci wykonania, kt\u00f3re spe\u0142niaj\u0105 najwy\u017csze standardy.<\/p>\n<p style=\"text-align: justify;\">Nasza firma koncentruje si\u0119 zar\u00f3wno na ma\u0142ych, jak i du\u017cych projektach i wsp\u00f3\u0142pracuje zar\u00f3wno z osobami prywatnymi, jak i firmami. Naszym celem jest zawsze zapewnienie klientowi indywidualnego podej\u015bcia, profesjonalnej obs\u0142ugi i doskona\u0142ego rezultatu. Nasz szeroki zakres us\u0142ug obejmuje spawanie r\u0119czne i automatyczne, ci\u0119cie laserowe materia\u0142\u00f3w, gi\u0119cie na prasie kraw\u0119dziowej, wykrawanie i formowanie, produkcj\u0119 balustrad i wiele innych. Dzi\u0119ki naszemu do\u015bwiadczeniu i wiedzy jeste\u015bmy w stanie sprosta\u0107 nawet najtrudniejszym i najbardziej skomplikowanym zadaniom. Nasi pracownicy s\u0105 ekspertami w swojej dziedzinie i nieustannie kszta\u0142c\u0105 si\u0119 i doskonal\u0105 swoje umiej\u0119tno\u015bci, aby sprosta\u0107 nawet najbardziej wymagaj\u0105cym oczekiwaniom klient\u00f3w.<\/p>\n<p style=\"text-align: justify;\">Welding Art pro s.r.o. k\u0142adzie nacisk na zadowolenie klienta i maksymaln\u0105 jako\u015b\u0107 us\u0142ug. Dzi\u0119ki naszemu profesjonalnemu podej\u015bciu i wieloletniemu do\u015bwiadczeniu mog\u0105 by\u0107 Pa\u0144stwo pewni, \u017ce Pa\u0144stwa zam\u00f3wienia zawsze znajd\u0105 si\u0119 we w\u0142a\u015bciwych r\u0119kach. Je\u015bli szukaj\u0105 Pa\u0144stwo niezawodnej firmy zajmuj\u0105cej si\u0119 spawaniem i konstrukcjami ze stali nierdzewnej, prosimy o kontakt. Jeste\u015bmy tutaj, aby spe\u0142ni\u0107 Pa\u0144stwa potrzeby i oczekiwania. Z nami mog\u0105 by\u0107 Pa\u0144stwo pewni, \u017ce Pa\u0144stwa zam\u00f3wienia zostan\u0105 zrealizowane w spos\u00f3b terminowy i z zachowaniem wysokiej jako\u015bci.<\/p>\n<p>[\/vc_column_text][vc_empty_space height=&#8221;450px&#8221;][\/vc_column][\/vc_row]<\/p>\n<\/div>","protected":false},"excerpt":{"rendered":"<p>[vc_row background_color=&#8221;rgba(255,255,255,0.01)&#8221; css=&#8221;.vc_custom_1716276650243{padding-top: 70px !important;padding-bottom: 40px !important;}&#8221;][vc_column][vc_custom_heading text=&#8221;O NAS&#8221; font_container=&#8221;tag:h1|text_align:left|color:%23111111&#8243; css=&#8221;&#8221; el_class=&#8221;heading-title-3&#8243;][vc_column_text css=&#8221;&#8221;] Welding Art Pro s.r.o. to wyspecjalizowana firma zajmuj\u0105ca si\u0119 produkcj\u0105 basen\u00f3w ze stali nierdzewnej i pracami spawalniczymi. Dzi\u0119ki ponad dziesi\u0119cioletniemu do\u015bwiadczeniu w bran\u017cy jeste\u015bmy dumni z szerokiego zakresu us\u0142ug i wysokiej jako\u015bci wykonania, kt\u00f3re spe\u0142niaj\u0105 najwy\u017csze standardy. Nasza firma koncentruje si\u0119 zar\u00f3wno [&hellip;]<\/p>\n","protected":false},"author":5,"featured_media":0,"parent":0,"menu_order":0,"comment_status":"closed","ping_status":"closed","template":"","meta":{"footnotes":""},"class_list":["post-78194","page","type-page","status-publish","hentry"],"aioseo_notices":[],"_links":{"self":[{"href":"https:\/\/weldingartpro.eu\/pl\/wp-json\/wp\/v2\/pages\/78194","targetHints":{"allow":["GET"]}}],"collection":[{"href":"https:\/\/weldingartpro.eu\/pl\/wp-json\/wp\/v2\/pages"}],"about":[{"href":"https:\/\/weldingartpro.eu\/pl\/wp-json\/wp\/v2\/types\/page"}],"author":[{"embeddable":true,"href":"https:\/\/weldingartpro.eu\/pl\/wp-json\/wp\/v2\/users\/5"}],"replies":[{"embeddable":true,"href":"https:\/\/weldingartpro.eu\/pl\/wp-json\/wp\/v2\/comments?post=78194"}],"version-history":[{"count":0,"href":"https:\/\/weldingartpro.eu\/pl\/wp-json\/wp\/v2\/pages\/78194\/revisions"}],"wp:attachment":[{"href":"https:\/\/weldingartpro.eu\/pl\/wp-json\/wp\/v2\/media?parent=78194"}],"curies":[{"name":"wp","href":"https:\/\/api.w.org\/{rel}","templated":true}]}}